{"id":29,"date":"2025-03-04T16:36:45","date_gmt":"2025-03-04T15:36:45","guid":{"rendered":"https:\/\/puppetpoptroc.be\/?page_id=29"},"modified":"2025-03-05T18:54:33","modified_gmt":"2025-03-05T17:54:33","slug":"home","status":"publish","type":"page","link":"https:\/\/puppetpoptroc.be\/nl\/","title":{"rendered":"Home"},"content":{"rendered":"<div class=\"wpb-content-wrapper\"><div class=\"vc_row wpb_row section vc_row-fluid\" style=' text-align:left;'><div class=\"full_section_inner clearfix\"><div class=\"wpb_column vc_column_container vc_col-sm-12\"><div class=\"vc_column-inner\"><div class=\"wpb_wrapper\"><div class=\"vc_empty_space\"  style=\"height: 32px\" >\n\t<span class=\"vc_empty_space_inner\">\n\t\t<span class=\"empty_space_image\"  ><\/span>\n\t<\/span>\n<\/div>\n\t<div class=\"wpb_text_column wpb_content_element\">\n\t\t<div class=\"wpb_wrapper\">\n\t\t\t<h3 style=\"font-weight: 400;\">Puppet Pop Troc is een uniek project dat de Vlaamse en Waalse kunstenaars uit de wereld van figurentheater en aanverwante disciplines (zoals schaduw- en objecttheater, digitale kunst, enz.) samenbrengt.<\/h3>\n<p>&nbsp;<\/p>\n<h3><span style=\"font-weight: 400;\">Dankzij de steun van Cultuur-Culture kunnen TOF Th\u00e9\u00e2tre en CC Het Gasthuis in Aarschot het hele jaar door een reeks artistieke activiteiten organiseren. Van inspirerende ontmoetingen en bezoeken tot shows en uitwisselingen \u2013 dit is de perfecte gelegenheid om elkaars werk te ontdekken en ervaringen te delen!<\/span><\/h3>\n\n\t\t<\/div>\n\t<\/div><div class=\"vc_empty_space\"  style=\"height: 32px\" >\n\t<span class=\"vc_empty_space_inner\">\n\t\t<span class=\"empty_space_image\"  ><\/span>\n\t<\/span>\n<\/div><div      class=\"vc_row wpb_row section vc_row-fluid vc_inner\" style=' text-align:left;'><div class=\"full_section_inner clearfix\"><div class=\"wpb_column vc_column_container vc_col-sm-3\"><div class=\"vc_column-inner\"><div class=\"wpb_wrapper\"><\/div><\/div><\/div><div class=\"wpb_column vc_column_container vc_col-sm-6\"><div class=\"vc_column-inner\"><div class=\"wpb_wrapper\">\n\t<div class=\"wpb_single_image wpb_content_element vc_align_center\">\n\t\t<div class=\"wpb_wrapper\">\n\t\t\t\n\t\t\t<div class=\"vc_single_image-wrapper   vc_box_border_grey\"><img loading=\"lazy\" decoding=\"async\" width=\"1024\" height=\"1024\" src=\"https:\/\/puppetpoptroc.be\/wp-content\/uploads\/2025\/03\/Logo-Puppet-Pop-Troc-DEF1-1024x1024.png\" class=\"vc_single_image-img attachment-large\" alt=\"\" title=\"Logo Puppet Pop Troc - DEF(1)\" srcset=\"https:\/\/puppetpoptroc.be\/wp-content\/uploads\/2025\/03\/Logo-Puppet-Pop-Troc-DEF1-1024x1024.png 1024w, https:\/\/puppetpoptroc.be\/wp-content\/uploads\/2025\/03\/Logo-Puppet-Pop-Troc-DEF1-300x300.png 300w, https:\/\/puppetpoptroc.be\/wp-content\/uploads\/2025\/03\/Logo-Puppet-Pop-Troc-DEF1-150x150.png 150w, https:\/\/puppetpoptroc.be\/wp-content\/uploads\/2025\/03\/Logo-Puppet-Pop-Troc-DEF1-768x768.png 768w, https:\/\/puppetpoptroc.be\/wp-content\/uploads\/2025\/03\/Logo-Puppet-Pop-Troc-DEF1-1536x1536.png 1536w, https:\/\/puppetpoptroc.be\/wp-content\/uploads\/2025\/03\/Logo-Puppet-Pop-Troc-DEF1.png 1557w\" sizes=\"auto, (max-width: 1024px) 100vw, 1024px\" \/><\/div>\n\t\t<\/div>\n\t<\/div>\n<\/div><\/div><\/div><div class=\"wpb_column vc_column_container vc_col-sm-3\"><div class=\"vc_column-inner\"><div class=\"wpb_wrapper\"><\/div><\/div><\/div><\/div><\/div><div class=\"vc_empty_space\"  style=\"height: 32px\" >\n\t<span class=\"vc_empty_space_inner\">\n\t\t<span class=\"empty_space_image\"  ><\/span>\n\t<\/span>\n<\/div><\/div><\/div><\/div><\/div><\/div><div      class=\"vc_row wpb_row section vc_row-fluid\" style=' text-align:left;'><div class=\"full_section_inner clearfix\"><div class=\"wpb_column vc_column_container vc_col-sm-12\"><div class=\"vc_column-inner\"><div class=\"wpb_wrapper\"><div class=\"vc_empty_space\"  style=\"height: 32px\" >\n\t<span class=\"vc_empty_space_inner\">\n\t\t<span class=\"empty_space_image\"  ><\/span>\n\t<\/span>\n<\/div>\n\t<div class=\"wpb_text_column wpb_content_element\">\n\t\t<div class=\"wpb_wrapper\">\n\t\t\t<h1 style=\"text-align: center;\">EVENEMENTEN<\/h1>\n\n\t\t<\/div>\n\t<\/div><div class=\"vc_empty_space\"  style=\"height: 32px\" >\n\t<span class=\"vc_empty_space_inner\">\n\t\t<span class=\"empty_space_image\"  ><\/span>\n\t<\/span>\n<\/div><div class='projects_holder_outer v3 portfolio_with_space portfolio_standard  masonry_with_space'>\n        <div class='projects_holder portfolio_main_holder clearfix v3 standard portfolio_full_image'>\n                    <div class=\"qode-portfolio-masonry-gallery-grid-sizer\"><\/div>\n            <div class=\"qode-portfolio-masonry-gallery-grid-gutter\"><\/div>\n        \n        <article class='mix default' style='padding: 0 2.5px;margin-bottom: 5px !important;'>\n    \n    \n    \n                <div class='image_holder'>\n                <a itemprop='url' class='portfolio_link_for_touch' href='https:\/\/puppetpoptroc.be\/nl\/portfolio_page\/residences-dartistes\/' target='_self'>\n                    \n<span class='image'><img loading=\"lazy\" decoding=\"async\" width=\"700\" height=\"933\" src=\"https:\/\/puppetpoptroc.be\/wp-content\/uploads\/2025\/03\/20241129_153226-700x933.jpg\" class=\"attachment-portfolio_masonry_with_space size-portfolio_masonry_with_space wp-post-image\" alt=\"corneille bleue\" srcset=\"https:\/\/puppetpoptroc.be\/wp-content\/uploads\/2025\/03\/20241129_153226-700x933.jpg 700w, https:\/\/puppetpoptroc.be\/wp-content\/uploads\/2025\/03\/20241129_153226-225x300.jpg 225w, https:\/\/puppetpoptroc.be\/wp-content\/uploads\/2025\/03\/20241129_153226-768x1024.jpg 768w, https:\/\/puppetpoptroc.be\/wp-content\/uploads\/2025\/03\/20241129_153226-1152x1536.jpg 1152w, https:\/\/puppetpoptroc.be\/wp-content\/uploads\/2025\/03\/20241129_153226-1536x2048.jpg 1536w, https:\/\/puppetpoptroc.be\/wp-content\/uploads\/2025\/03\/20241129_153226-9x12.jpg 9w, https:\/\/puppetpoptroc.be\/wp-content\/uploads\/2025\/03\/20241129_153226-600x800.jpg 600w, https:\/\/puppetpoptroc.be\/wp-content\/uploads\/2025\/03\/20241129_153226-scaled.jpg 1920w\" sizes=\"auto, (max-width: 700px) 100vw, 700px\" \/><\/span>                <\/a>\n\n                <span class='text_holder'>\n    <span class='text_outer'>\n        <span class='text_inner'>\n            <span class='feature_holder'>\n                            <span class=\"feature_holder_icons\">';\n                    \n                            <a itemprop='url' class='preview qbutton small white' href='https:\/\/puppetpoptroc.be\/nl\/portfolio_page\/residences-dartistes\/' target='_self'>Zie<\/i><\/a>\n    \n                                            <\/span>\n        <\/span>\n    <\/span>\n<\/span>            <\/div>\n                <div class='portfolio_description' style=\"background-color:#FFFFFF00;'\">\n\n        \n    <h5 itemprop=\"name\" class=\"portfolio_title entry_title\"><a itemprop=\"url\" href=\"https:\/\/puppetpoptroc.be\/nl\/portfolio_page\/residences-dartistes\/\"  target=\"_self\"> Artiestenresidenties<\/a><\/h5>\n\n\n        \n        \n    <\/div>\n        \n<\/article>\n<article class='mix default' style='padding: 0 2.5px;margin-bottom: 5px !important;'>\n    \n    \n    \n                <div class='image_holder'>\n                <a itemprop='url' class='portfolio_link_for_touch' href='https:\/\/puppetpoptroc.be\/nl\/portfolio_page\/festival-international-maboule-marionnettes-et-arts-associes\/' target='_self'>\n                    \n<span class='image'><img loading=\"lazy\" decoding=\"async\" width=\"700\" height=\"466\" src=\"https:\/\/puppetpoptroc.be\/wp-content\/uploads\/2025\/03\/Maboule-2023-Vincent-Van-Utterbeeck-71-700x466.jpg\" class=\"attachment-portfolio_masonry_with_space size-portfolio_masonry_with_space wp-post-image\" alt=\"\" srcset=\"https:\/\/puppetpoptroc.be\/wp-content\/uploads\/2025\/03\/Maboule-2023-Vincent-Van-Utterbeeck-71-700x466.jpg 700w, https:\/\/puppetpoptroc.be\/wp-content\/uploads\/2025\/03\/Maboule-2023-Vincent-Van-Utterbeeck-71-300x200.jpg 300w, https:\/\/puppetpoptroc.be\/wp-content\/uploads\/2025\/03\/Maboule-2023-Vincent-Van-Utterbeeck-71-1024x681.jpg 1024w, https:\/\/puppetpoptroc.be\/wp-content\/uploads\/2025\/03\/Maboule-2023-Vincent-Van-Utterbeeck-71-768x511.jpg 768w, https:\/\/puppetpoptroc.be\/wp-content\/uploads\/2025\/03\/Maboule-2023-Vincent-Van-Utterbeeck-71-1536x1022.jpg 1536w, https:\/\/puppetpoptroc.be\/wp-content\/uploads\/2025\/03\/Maboule-2023-Vincent-Van-Utterbeeck-71-2048x1363.jpg 2048w, https:\/\/puppetpoptroc.be\/wp-content\/uploads\/2025\/03\/Maboule-2023-Vincent-Van-Utterbeeck-71-18x12.jpg 18w\" sizes=\"auto, (max-width: 700px) 100vw, 700px\" \/><\/span>                <\/a>\n\n                <span class='text_holder'>\n    <span class='text_outer'>\n        <span class='text_inner'>\n            <span class='feature_holder'>\n                            <span class=\"feature_holder_icons\">';\n                    \n                            <a itemprop='url' class='preview qbutton small white' href='https:\/\/puppetpoptroc.be\/nl\/portfolio_page\/festival-international-maboule-marionnettes-et-arts-associes\/' target='_self'>Zie<\/i><\/a>\n    \n                                            <\/span>\n        <\/span>\n    <\/span>\n<\/span>            <\/div>\n                <div class='portfolio_description' style=\"background-color:#FFFFFF00;'\">\n\n        \n    <h5 itemprop=\"name\" class=\"portfolio_title entry_title\"><a itemprop=\"url\" href=\"https:\/\/puppetpoptroc.be\/nl\/portfolio_page\/festival-international-maboule-marionnettes-et-arts-associes\/\"  target=\"_self\"> Festival international MAboule, Poppen en aanverwante kunsten<\/a><\/h5>\n\n\n        \n        \n    <\/div>\n        \n<\/article>\n<article class='mix default' style='padding: 0 2.5px;margin-bottom: 5px !important;'>\n    \n    \n    \n                <div class='image_holder'>\n                <a itemprop='url' class='portfolio_link_for_touch' href='https:\/\/puppetpoptroc.be\/nl\/portfolio_page\/visites-inspirantes\/' target='_self'>\n                    \n<span class='image'><img loading=\"lazy\" decoding=\"async\" width=\"700\" height=\"467\" src=\"https:\/\/puppetpoptroc.be\/wp-content\/uploads\/2025\/03\/atelier-AlainMoreau_Haulot_040_L-700x467.jpg\" class=\"attachment-portfolio_masonry_with_space size-portfolio_masonry_with_space wp-post-image\" alt=\"\" srcset=\"https:\/\/puppetpoptroc.be\/wp-content\/uploads\/2025\/03\/atelier-AlainMoreau_Haulot_040_L-700x467.jpg 700w, https:\/\/puppetpoptroc.be\/wp-content\/uploads\/2025\/03\/atelier-AlainMoreau_Haulot_040_L-300x200.jpg 300w, https:\/\/puppetpoptroc.be\/wp-content\/uploads\/2025\/03\/atelier-AlainMoreau_Haulot_040_L-1024x683.jpg 1024w, https:\/\/puppetpoptroc.be\/wp-content\/uploads\/2025\/03\/atelier-AlainMoreau_Haulot_040_L-768x512.jpg 768w, https:\/\/puppetpoptroc.be\/wp-content\/uploads\/2025\/03\/atelier-AlainMoreau_Haulot_040_L-1536x1024.jpg 1536w, https:\/\/puppetpoptroc.be\/wp-content\/uploads\/2025\/03\/atelier-AlainMoreau_Haulot_040_L-2048x1365.jpg 2048w, https:\/\/puppetpoptroc.be\/wp-content\/uploads\/2025\/03\/atelier-AlainMoreau_Haulot_040_L-18x12.jpg 18w\" sizes=\"auto, (max-width: 700px) 100vw, 700px\" \/><\/span>                <\/a>\n\n                <span class='text_holder'>\n    <span class='text_outer'>\n        <span class='text_inner'>\n            <span class='feature_holder'>\n                            <span class=\"feature_holder_icons\">';\n                    \n                            <a itemprop='url' class='preview qbutton small white' href='https:\/\/puppetpoptroc.be\/nl\/portfolio_page\/visites-inspirantes\/' target='_self'>Zie<\/i><\/a>\n    \n                                            <\/span>\n        <\/span>\n    <\/span>\n<\/span>            <\/div>\n                <div class='portfolio_description' style=\"background-color:#FFFFFF00;'\">\n\n        \n    <h5 itemprop=\"name\" class=\"portfolio_title entry_title\"><a itemprop=\"url\" href=\"https:\/\/puppetpoptroc.be\/nl\/portfolio_page\/visites-inspirantes\/\"  target=\"_self\"> INSPIRATIE BEZOEKEN AAN ATELIERS VAN KUNSTENAARS<\/a><\/h5>\n\n\n        \n        \n    <\/div>\n        \n<\/article>\n<article class='mix default' style='padding: 0 2.5px;margin-bottom: 5px !important;'>\n    \n    \n    \n                <div class='image_holder'>\n                <a itemprop='url' class='portfolio_link_for_touch' href='https:\/\/puppetpoptroc.be\/nl\/portfolio_page\/boze-wolf-festival-a-aarschot\/' target='_self'>\n                    \n<span class='image'><img loading=\"lazy\" decoding=\"async\" width=\"700\" height=\"989\" src=\"https:\/\/puppetpoptroc.be\/wp-content\/uploads\/2025\/03\/Photo-9-logo-boze-wolf-affiche-pdf.jpg\" class=\"attachment-portfolio_masonry_with_space size-portfolio_masonry_with_space wp-post-image\" alt=\"\" \/><\/span>                <\/a>\n\n                <span class='text_holder'>\n    <span class='text_outer'>\n        <span class='text_inner'>\n            <span class='feature_holder'>\n                            <span class=\"feature_holder_icons\">';\n                    \n                            <a itemprop='url' class='preview qbutton small white' href='https:\/\/puppetpoptroc.be\/nl\/portfolio_page\/boze-wolf-festival-a-aarschot\/' target='_self'>Zie<\/i><\/a>\n    \n                                            <\/span>\n        <\/span>\n    <\/span>\n<\/span>            <\/div>\n                <div class='portfolio_description' style=\"background-color:#FFFFFF00;'\">\n\n        \n    <h5 itemprop=\"name\" class=\"portfolio_title entry_title\"><a itemprop=\"url\" href=\"https:\/\/puppetpoptroc.be\/nl\/portfolio_page\/boze-wolf-festival-a-aarschot\/\"  target=\"_self\"> Boze Wolffestival in Aarschot<\/a><\/h5>\n\n\n        \n        \n    <\/div>\n        \n<\/article>\n<article class='mix default' style='padding: 0 2.5px;margin-bottom: 5px !important;'>\n    \n    \n    \n                <div class='image_holder'>\n                <a itemprop='url' class='portfolio_link_for_touch' href='https:\/\/puppetpoptroc.be\/nl\/portfolio_page\/journee-professionnelle-le-5-juin-2025\/' target='_self'>\n                    \n<span class='image'><img loading=\"lazy\" decoding=\"async\" width=\"700\" height=\"502\" src=\"https:\/\/puppetpoptroc.be\/wp-content\/uploads\/2025\/03\/cover-flyer-700x502.jpg\" class=\"attachment-portfolio_masonry_with_space size-portfolio_masonry_with_space wp-post-image\" alt=\"\" srcset=\"https:\/\/puppetpoptroc.be\/wp-content\/uploads\/2025\/03\/cover-flyer-700x502.jpg 700w, https:\/\/puppetpoptroc.be\/wp-content\/uploads\/2025\/03\/cover-flyer-300x215.jpg 300w, https:\/\/puppetpoptroc.be\/wp-content\/uploads\/2025\/03\/cover-flyer-1024x734.jpg 1024w, https:\/\/puppetpoptroc.be\/wp-content\/uploads\/2025\/03\/cover-flyer-768x551.jpg 768w, https:\/\/puppetpoptroc.be\/wp-content\/uploads\/2025\/03\/cover-flyer-1536x1101.jpg 1536w, https:\/\/puppetpoptroc.be\/wp-content\/uploads\/2025\/03\/cover-flyer-18x12.jpg 18w, https:\/\/puppetpoptroc.be\/wp-content\/uploads\/2025\/03\/cover-flyer.jpg 1795w\" sizes=\"auto, (max-width: 700px) 100vw, 700px\" \/><\/span>                <\/a>\n\n                <span class='text_holder'>\n    <span class='text_outer'>\n        <span class='text_inner'>\n            <span class='feature_holder'>\n                            <span class=\"feature_holder_icons\">';\n                    \n                            <a itemprop='url' class='preview qbutton small white' href='https:\/\/puppetpoptroc.be\/nl\/portfolio_page\/journee-professionnelle-le-5-juin-2025\/' target='_self'>Zie<\/i><\/a>\n    \n                                            <\/span>\n        <\/span>\n    <\/span>\n<\/span>            <\/div>\n                <div class='portfolio_description' style=\"background-color:#FFFFFF00;'\">\n\n        \n    <h5 itemprop=\"name\" class=\"portfolio_title entry_title\"><a itemprop=\"url\" href=\"https:\/\/puppetpoptroc.be\/nl\/portfolio_page\/journee-professionnelle-le-5-juin-2025\/\"  target=\"_self\"> Pro dag - 5 june 2025 - in 140 Brussel<\/a><\/h5>\n\n\n        \n        \n    <\/div>\n        \n<\/article>\n        <div class='filler'><\/div>\n            <div class='filler'><\/div>\n            <div class='filler'><\/div>\n        <\/div>\n\n    \n    <\/div><div class=\"vc_empty_space\"  style=\"height: 32px\" >\n\t<span class=\"vc_empty_space_inner\">\n\t\t<span class=\"empty_space_image\"  ><\/span>\n\t<\/span>\n<\/div><\/div><\/div><\/div><\/div><\/div>\n<\/div>","protected":false},"excerpt":{"rendered":"Le 5 juin 2025 \u2013 au 140 \u00e0 Bruxelles Une journ\u00e9e de rencontre professionnelle destin\u00e9e aux artistes et op\u00e9rateur.ice.s des arts de la sc\u00e8ne francophone et n\u00e9erlandophone dans le secteur de la marionnette et des arts associ\u00e9s pour cr\u00e9er des ponts, se rencontrer, ouvrir nos...","protected":false},"author":2,"featured_media":0,"parent":0,"menu_order":0,"comment_status":"closed","ping_status":"closed","template":"","meta":{"footnotes":""},"class_list":["post-29","page","type-page","status-publish","hentry"],"_links":{"self":[{"href":"https:\/\/puppetpoptroc.be\/nl\/wp-json\/wp\/v2\/pages\/29","targetHints":{"allow":["GET"]}}],"collection":[{"href":"https:\/\/puppetpoptroc.be\/nl\/wp-json\/wp\/v2\/pages"}],"about":[{"href":"https:\/\/puppetpoptroc.be\/nl\/wp-json\/wp\/v2\/types\/page"}],"author":[{"embeddable":true,"href":"https:\/\/puppetpoptroc.be\/nl\/wp-json\/wp\/v2\/users\/2"}],"replies":[{"embeddable":true,"href":"https:\/\/puppetpoptroc.be\/nl\/wp-json\/wp\/v2\/comments?post=29"}],"version-history":[{"count":7,"href":"https:\/\/puppetpoptroc.be\/nl\/wp-json\/wp\/v2\/pages\/29\/revisions"}],"predecessor-version":[{"id":85,"href":"https:\/\/puppetpoptroc.be\/nl\/wp-json\/wp\/v2\/pages\/29\/revisions\/85"}],"wp:attachment":[{"href":"https:\/\/puppetpoptroc.be\/nl\/wp-json\/wp\/v2\/media?parent=29"}],"curies":[{"name":"wp","href":"https:\/\/api.w.org\/{rel}","templated":true}]}}